{"id":32404,"date":"2018-12-07T12:51:06","date_gmt":"2018-12-07T19:51:06","guid":{"rendered":"https:\/\/onyxlearningzone.com\/todos-os-cursos\/"},"modified":"2023-09-13T11:32:31","modified_gmt":"2023-09-13T18:32:31","slug":"todos-os-cursos","status":"publish","type":"page","link":"https:\/\/onyxlearningzone.com\/pt-pt\/todos-os-cursos\/","title":{"rendered":"Todos os cursos"},"content":{"rendered":"\t\t<div data-elementor-type=\"wp-post\" data-elementor-id=\"32404\" class=\"elementor elementor-32404 elementor-201\" data-elementor-post-type=\"page\">\n\t\t\t\t\t\t<section class=\"elementor-section elementor-top-section elementor-element elementor-element-65ddfad3 elementor-section-boxed elementor-section-height-default elementor-section-height-default\" data-id=\"65ddfad3\" data-element_type=\"section\" data-settings=\"{&quot;background_background&quot;:&quot;gradient&quot;}\">\n\t\t\t\t\t\t<div class=\"elementor-container elementor-column-gap-default\">\n\t\t\t\t\t<div class=\"elementor-column elementor-col-100 elementor-top-column elementor-element elementor-element-c947ffe\" data-id=\"c947ffe\" data-element_type=\"column\">\n\t\t\t<div class=\"elementor-widget-wrap elementor-element-populated\">\n\t\t\t\t\t\t<div class=\"elementor-element elementor-element-35eed52 elementor-widget elementor-widget-image-box\" data-id=\"35eed52\" data-element_type=\"widget\" data-widget_type=\"image-box.default\">\n\t\t\t\t<div class=\"elementor-widget-container\">\n\t\t\t\t\t<div class=\"elementor-image-box-wrapper\"><div class=\"elementor-image-box-content\"><h1 class=\"elementor-image-box-title\">Todos os cursos<\/h1><p class=\"elementor-image-box-description\">Escolha um dos nossos cursos abaixo para saber mais ou inscrever-se.<\/p><\/div><\/div>\t\t\t\t<\/div>\n\t\t\t\t<\/div>\n\t\t\t\t\t<\/div>\n\t\t<\/div>\n\t\t\t\t\t<\/div>\n\t\t<\/section>\n\t\t\t\t<section class=\"elementor-section elementor-top-section elementor-element elementor-element-422ee72c elementor-section-boxed elementor-section-height-default elementor-section-height-default\" data-id=\"422ee72c\" data-element_type=\"section\">\n\t\t\t\t\t\t<div class=\"elementor-container elementor-column-gap-default\">\n\t\t\t\t\t<div class=\"elementor-column elementor-col-100 elementor-top-column elementor-element elementor-element-46b1ba77\" data-id=\"46b1ba77\" data-element_type=\"column\">\n\t\t\t<div class=\"elementor-widget-wrap elementor-element-populated\">\n\t\t\t\t\t\t<div class=\"elementor-element elementor-element-029aeac elementor-widget elementor-widget-shortcode\" data-id=\"029aeac\" data-element_type=\"widget\" data-widget_type=\"shortcode.default\">\n\t\t\t\t<div class=\"elementor-widget-container\">\n\t\t\t\t\t\t\t<div class=\"elementor-shortcode\"><div id=\"ld-course-list-content-2c6b036f4bd5b81f8f8370f9f4aec816\" class=\"ld-course-list-content\" data-shortcode-atts=\"{&quot;categoryselector&quot;:&quot;true&quot;,&quot;progress_bar&quot;:&quot;false&quot;,&quot;order&quot;:&quot;asc&quot;,&quot;col&quot;:&quot;3&quot;}\">\n\t\t\t<div class=\"ld-course-list-items row\">\n\t<!-- LearnDash Course Grid v1 --><div class=\"ld_course_grid col-sm-8 col-md-4 \">\n\t<article id=\"post-30014\" class=\" thumbnail course post-30014 sfwd-courses type-sfwd-courses status-publish has-post-thumbnail hentry\">\n\t\t\t\t\t\t\t\t<div class=\"ribbon\">\n\t\t\t\tUS$200\t\t\t<\/div>\n\t\t\t\n\t\t\t\t\t\t<a\n\t\t\t\taria-hidden=\"true\"\n\t\t\t\thref=\"https:\/\/onyxlearningzone.com\/pt-pt\/courses\/re-certificacao-de-tecnicos\/\"\n\t\t\t\ttabindex=\"-1\"\n\t\t\t>\n\t\t\t\t<img fetchpriority=\"high\" decoding=\"async\" width=\"300\" height=\"272\" src=\"https:\/\/onyxlearningzone.com\/wp-content\/uploads\/2023\/06\/3313485942-e1688153759963-300x272.png\" class=\"attachment-medium size-medium wp-post-image\" alt=\"Re-certifica\u00e7\u00e3o de t\u00e9cnicos\" srcset=\"https:\/\/onyxlearningzone.com\/wp-content\/uploads\/2023\/06\/3313485942-e1688153759963-300x272.png 300w, https:\/\/onyxlearningzone.com\/wp-content\/uploads\/2023\/06\/3313485942-e1688153759963.png 400w\" sizes=\"(max-width: 300px) 100vw, 300px\" \/>\t\t\t<\/a>\n\t\t\t\t\t\n\t\t\t\t\t<div class=\"caption\">\n\t\t\t\t<h3 class=\"entry-title\">Re-certifica\u00e7\u00e3o de t\u00e9cnicos<\/h3>\n\t\t\t\t\t\t\t\t<div class=\"entry-content\"><p>Aprenda os fundamentos do ONYX com os especialistas ONYX e recertifique-se como T\u00e9cnico ONYX. Esta sess\u00e3o se concentra nas atualiza\u00e7\u00f5es de recursos de vers\u00f5es atuais e anteriores em nosso produto principal. Aten\u00e7\u00e3o especial \u00e9 dada aos recursos relacionados aos controles de cria\u00e7\u00e3o de perfil e gerenciamento de cores.<\/p>\n<\/div>\n\t\t\t\t\t\t\t\t<div class=\"ld_course_grid_button\">\n\t\t\t\t\t<a\n\t\t\t\t\t\taria-label=\"Enroll Now: Re-certifica\u00e7\u00e3o de t\u00e9cnicos\"\n\t\t\t\t\t\tclass=\"btn btn-primary\"\n\t\t\t\t\t\thref=\"https:\/\/onyxlearningzone.com\/pt-pt\/courses\/re-certificacao-de-tecnicos\/\"\n\t\t\t\t\t>\n\t\t\t\t\t\tEnroll Now\t\t\t\t\t<\/a>\n\t\t\t\t<\/div>\n\t\t\t\t\t\t\t<\/div><!-- .entry-header -->\n\t\t\t<\/article><!-- #post-## -->\n<\/div><!-- .ld_course_grid -->\n<!-- LearnDash Course Grid v1 --><div class=\"ld_course_grid col-sm-8 col-md-4 \">\n\t<article id=\"post-30208\" class=\" thumbnail course post-30208 sfwd-courses type-sfwd-courses status-publish has-post-thumbnail hentry\">\n\t\t\t\t\t\t\t\t<div class=\"ribbon\">\n\t\t\t\tUS$250\t\t\t<\/div>\n\t\t\t\n\t\t\t\t\t\t<a\n\t\t\t\taria-hidden=\"true\"\n\t\t\t\thref=\"https:\/\/onyxlearningzone.com\/pt-pt\/courses\/fluxo-de-trabalho-de-gestao-de-cores\/\"\n\t\t\t\ttabindex=\"-1\"\n\t\t\t>\n\t\t\t\t<img decoding=\"async\" width=\"300\" height=\"272\" src=\"https:\/\/onyxlearningzone.com\/wp-content\/uploads\/2023\/06\/3313531792-e1688153793913-300x272.png\" class=\"attachment-medium size-medium wp-post-image\" alt=\"Fluxo de trabalho de gest\u00e3o de cores\" srcset=\"https:\/\/onyxlearningzone.com\/wp-content\/uploads\/2023\/06\/3313531792-e1688153793913-300x272.png 300w, https:\/\/onyxlearningzone.com\/wp-content\/uploads\/2023\/06\/3313531792-e1688153793913.png 400w\" sizes=\"(max-width: 300px) 100vw, 300px\" \/>\t\t\t<\/a>\n\t\t\t\t\t\n\t\t\t\t\t<div class=\"caption\">\n\t\t\t\t<h3 class=\"entry-title\">Fluxo de trabalho de gest\u00e3o de cores<\/h3>\n\t\t\t\t\t\t\t\t<div class=\"ld_course_grid_button\">\n\t\t\t\t\t<a\n\t\t\t\t\t\taria-label=\"Enroll Now: Fluxo de trabalho de gest\u00e3o de cores\"\n\t\t\t\t\t\tclass=\"btn btn-primary\"\n\t\t\t\t\t\thref=\"https:\/\/onyxlearningzone.com\/pt-pt\/courses\/fluxo-de-trabalho-de-gestao-de-cores\/\"\n\t\t\t\t\t>\n\t\t\t\t\t\tEnroll Now\t\t\t\t\t<\/a>\n\t\t\t\t<\/div>\n\t\t\t\t\t\t\t<\/div><!-- .entry-header -->\n\t\t\t<\/article><!-- #post-## -->\n<\/div><!-- .ld_course_grid -->\n<!-- LearnDash Course Grid v1 --><div class=\"ld_course_grid col-sm-8 col-md-4 \">\n\t<article id=\"post-30233\" class=\" thumbnail course post-30233 sfwd-courses type-sfwd-courses status-publish has-post-thumbnail hentry\">\n\t\t\t\t\t\t\t\t<div class=\"ribbon\">\n\t\t\t\tUS$500\t\t\t<\/div>\n\t\t\t\n\t\t\t\t\t\t<a\n\t\t\t\taria-hidden=\"true\"\n\t\t\t\thref=\"https:\/\/onyxlearningzone.com\/pt-pt\/courses\/tecnico-certificado\/\"\n\t\t\t\ttabindex=\"-1\"\n\t\t\t>\n\t\t\t\t<img decoding=\"async\" width=\"300\" height=\"272\" src=\"https:\/\/onyxlearningzone.com\/wp-content\/uploads\/2023\/06\/3313485942-e1688153759963-300x272.png\" class=\"attachment-medium size-medium wp-post-image\" alt=\"T\u00e9cnico certificado\" srcset=\"https:\/\/onyxlearningzone.com\/wp-content\/uploads\/2023\/06\/3313485942-e1688153759963-300x272.png 300w, https:\/\/onyxlearningzone.com\/wp-content\/uploads\/2023\/06\/3313485942-e1688153759963.png 400w\" sizes=\"(max-width: 300px) 100vw, 300px\" \/>\t\t\t<\/a>\n\t\t\t\t\t\n\t\t\t\t\t<div class=\"caption\">\n\t\t\t\t<h3 class=\"entry-title\">T\u00e9cnico certificado<\/h3>\n\t\t\t\t\t\t\t\t<div class=\"ld_course_grid_button\">\n\t\t\t\t\t<a\n\t\t\t\t\t\taria-label=\"Enroll Now: T\u00e9cnico certificado\"\n\t\t\t\t\t\tclass=\"btn btn-primary\"\n\t\t\t\t\t\thref=\"https:\/\/onyxlearningzone.com\/pt-pt\/courses\/tecnico-certificado\/\"\n\t\t\t\t\t>\n\t\t\t\t\t\tEnroll Now\t\t\t\t\t<\/a>\n\t\t\t\t<\/div>\n\t\t\t\t\t\t\t<\/div><!-- .entry-header -->\n\t\t\t<\/article><!-- #post-## -->\n<\/div><!-- .ld_course_grid -->\n<!-- LearnDash Course Grid v1 --><div class=\"ld_course_grid col-sm-8 col-md-4 \">\n\t<article id=\"post-41565\" class=\" thumbnail course post-41565 sfwd-courses type-sfwd-courses status-publish has-post-thumbnail hentry ld_course_category-pago\">\n\t\t\t\t\t\t\t\t<div class=\"ribbon\">\n\t\t\t\tFree\t\t\t<\/div>\n\t\t\t\n\t\t\t\t\t\t<a\n\t\t\t\taria-hidden=\"true\"\n\t\t\t\thref=\"https:\/\/onyxlearningzone.com\/pt-pt\/courses\/produtos-onyx-rip-certificacao-de-tecnico-de-revenda-treinamento-on-line-individualizado\/\"\n\t\t\t\ttabindex=\"-1\"\n\t\t\t>\n\t\t\t\t<img loading=\"lazy\" decoding=\"async\" width=\"251\" height=\"251\" src=\"https:\/\/onyxlearningzone.com\/wp-content\/uploads\/2025\/06\/ONYX-25-logo-1.png\" class=\"attachment-medium size-medium wp-post-image\" alt=\"Produtos ONYX RIP: Certifica\u00e7\u00e3o de t\u00e9cnico de revenda (Treinamento on-line individualizado)\" srcset=\"https:\/\/onyxlearningzone.com\/wp-content\/uploads\/2025\/06\/ONYX-25-logo-1.png 251w, https:\/\/onyxlearningzone.com\/wp-content\/uploads\/2025\/06\/ONYX-25-logo-1-150x150.png 150w\" sizes=\"(max-width: 251px) 100vw, 251px\" \/>\t\t\t<\/a>\n\t\t\t\t\t\n\t\t\t\t\t<div class=\"caption\">\n\t\t\t\t<h3 class=\"entry-title\">Produtos ONYX RIP: Certifica\u00e7\u00e3o de t\u00e9cnico de revenda (Treinamento on-line individualizado)<\/h3>\n\t\t\t\t\t\t\t\t<div class=\"ld_course_grid_button\">\n\t\t\t\t\t<a\n\t\t\t\t\t\taria-label=\"Enroll Now: Produtos ONYX RIP: Certifica\u00e7\u00e3o de t\u00e9cnico de revenda (Treinamento on-line individualizado)\"\n\t\t\t\t\t\tclass=\"btn btn-primary\"\n\t\t\t\t\t\thref=\"https:\/\/onyxlearningzone.com\/pt-pt\/courses\/produtos-onyx-rip-certificacao-de-tecnico-de-revenda-treinamento-on-line-individualizado\/\"\n\t\t\t\t\t>\n\t\t\t\t\t\tEnroll Now\t\t\t\t\t<\/a>\n\t\t\t\t<\/div>\n\t\t\t\t\t\t\t<\/div><!-- .entry-header -->\n\t\t\t<\/article><!-- #post-## -->\n<\/div><!-- .ld_course_grid -->\n\t<\/div>\n\t\t\t<\/div>\n\t\t<\/div>\n\t\t\t\t\t\t<\/div>\n\t\t\t\t<\/div>\n\t\t\t\t\t<\/div>\n\t\t<\/div>\n\t\t\t\t\t<\/div>\n\t\t<\/section>\n\t\t\t\t<\/div>\n\t\t","protected":false},"excerpt":{"rendered":"<p>Todos os cursos Escolha um dos nossos cursos abaixo para saber mais ou inscrever-se.<\/p>\n","protected":false},"author":63,"featured_media":0,"parent":0,"menu_order":0,"comment_status":"closed","ping_status":"closed","template":"","meta":{"site-sidebar-layout":"no-sidebar","site-content-layout":"page-builder","ast-site-content-layout":"","site-content-style":"default","site-sidebar-style":"default","ast-global-header-display":"","ast-banner-title-visibility":"","ast-main-header-display":"","ast-hfb-above-header-display":"","ast-hfb-below-header-display":"","ast-hfb-mobile-header-display":"","site-post-title":"disabled","ast-breadcrumbs-content":"","ast-featured-img":"disabled","footer-sml-layout":"","theme-transparent-header-meta":"enabled","adv-header-id-meta":"","stick-header-meta":"","header-above-stick-meta":"","header-main-stick-meta":"","header-below-stick-meta":"","astra-migrate-meta-layouts":"default","ast-page-background-enabled":"default","ast-page-background-meta":{"desktop":{"background-color":"","background-image":"","background-repeat":"repeat","background-position":"center center","background-size":"auto","background-attachment":"scroll","background-type":"","background-media":"","overlay-type":"","overlay-color":"","overlay-gradient":""},"tablet":{"background-color":"","background-image":"","background-repeat":"repeat","background-position":"center center","background-size":"auto","background-attachment":"scroll","background-type":"","background-media":"","overlay-type":"","overlay-color":"","overlay-gradient":""},"mobile":{"background-color":"","background-image":"","background-repeat":"repeat","background-position":"center center","background-size":"auto","background-attachment":"scroll","background-type":"","background-media":"","overlay-type":"","overlay-color":"","overlay-gradient":""}},"ast-content-background-meta":{"desktop":{"background-color":"var(--ast-global-color-5)","background-image":"","background-repeat":"repeat","background-position":"center center","background-size":"auto","background-attachment":"scroll","background-type":"","background-media":"","overlay-type":"","overlay-color":"","overlay-gradient":""},"tablet":{"background-color":"var(--ast-global-color-5)","background-image":"","background-repeat":"repeat","background-position":"center center","background-size":"auto","background-attachment":"scroll","background-type":"","background-media":"","overlay-type":"","overlay-color":"","overlay-gradient":""},"mobile":{"background-color":"var(--ast-global-color-5)","background-image":"","background-repeat":"repeat","background-position":"center center","background-size":"auto","background-attachment":"scroll","background-type":"","background-media":"","overlay-type":"","overlay-color":"","overlay-gradient":""}},"footnotes":""},"class_list":["post-32404","page","type-page","status-publish","hentry"],"aioseo_notices":[],"_links":{"self":[{"href":"https:\/\/onyxlearningzone.com\/pt-pt\/wp-json\/wp\/v2\/pages\/32404","targetHints":{"allow":["GET"]}}],"collection":[{"href":"https:\/\/onyxlearningzone.com\/pt-pt\/wp-json\/wp\/v2\/pages"}],"about":[{"href":"https:\/\/onyxlearningzone.com\/pt-pt\/wp-json\/wp\/v2\/types\/page"}],"author":[{"embeddable":true,"href":"https:\/\/onyxlearningzone.com\/pt-pt\/wp-json\/wp\/v2\/users\/63"}],"replies":[{"embeddable":true,"href":"https:\/\/onyxlearningzone.com\/pt-pt\/wp-json\/wp\/v2\/comments?post=32404"}],"version-history":[{"count":2,"href":"https:\/\/onyxlearningzone.com\/pt-pt\/wp-json\/wp\/v2\/pages\/32404\/revisions"}],"predecessor-version":[{"id":32409,"href":"https:\/\/onyxlearningzone.com\/pt-pt\/wp-json\/wp\/v2\/pages\/32404\/revisions\/32409"}],"wp:attachment":[{"href":"https:\/\/onyxlearningzone.com\/pt-pt\/wp-json\/wp\/v2\/media?parent=32404"}],"curies":[{"name":"wp","href":"https:\/\/api.w.org\/{rel}","templated":true}]}}