{"id":31251,"date":"2023-01-24T20:57:24","date_gmt":"2023-01-25T03:57:24","guid":{"rendered":"https:\/\/onyxlearningzone.com\/pagina-de-amostra\/"},"modified":"2023-09-12T13:34:28","modified_gmt":"2023-09-12T20:34:28","slug":"pagina-de-amostra","status":"publish","type":"page","link":"http:\/\/onyxlearningzone.com\/pt-pt\/pagina-de-amostra\/","title":{"rendered":"P\u00e1gina de amostra"},"content":{"rendered":"\n<p>Esta \u00e9 uma p\u00e1gina de exemplo. \u00c9 diferente de um post de blogue porque fica num s\u00f3 lugar e aparece na navega\u00e7\u00e3o do seu s\u00edtio (na maioria dos temas). A maioria das pessoas come\u00e7a com uma p\u00e1gina &#8220;Sobre&#8221; que as apresenta aos potenciais visitantes do s\u00edtio. Poder\u00e1 dizer algo do g\u00e9nero:<\/p>\n\n<blockquote class=\"wp-block-quote is-layout-flow wp-block-quote-is-layout-flow\"><p>Ol\u00e1! Sou um mensageiro de bicicleta durante o dia, aspirante a ator \u00e0 noite, e este \u00e9 o meu s\u00edtio Web. Vivo em Los Angeles, tenho um c\u00e3o fant\u00e1stico chamado Jack e gosto de pi\u00f1a coladas. (E ser apanhado pela chuva.)<\/p><\/blockquote>\n\n<p>&#8230;ou algo do g\u00e9nero:<\/p>\n\n<blockquote class=\"wp-block-quote is-layout-flow wp-block-quote-is-layout-flow\"><p>A XYZ Doohickey Company foi fundada em 1971 e, desde ent\u00e3o, tem vindo a fornecer ao p\u00fablico doohickeys de qualidade. Localizada em Gotham City, a XYZ emprega mais de 2.000 pessoas e faz todo o tipo de coisas fant\u00e1sticas para a comunidade de Gotham.<\/p><\/blockquote>\n\n<p>Como novo utilizador do WordPress, deve ir ao <a href=\"http:\/\/onyxlearningzone.com\/wp-admin\/\">seu painel de controlo<\/a> para eliminar esta p\u00e1gina e criar novas p\u00e1ginas para o seu conte\u00fado. Divirtam-se!<\/p>\n","protected":false},"excerpt":{"rendered":"<p>Esta \u00e9 uma p\u00e1gina de exemplo. \u00c9 diferente de um post de blogue porque fica num s\u00f3 lugar e aparece na navega\u00e7\u00e3o do seu s\u00edtio (na maioria dos temas). A maioria das pessoas come\u00e7a com uma p\u00e1gina &#8220;Sobre&#8221; que as apresenta aos potenciais visitantes do s\u00edtio. Poder\u00e1 dizer algo do g\u00e9nero: Ol\u00e1! Sou um mensageiro [&hellip;]<\/p>\n","protected":false},"author":63,"featured_media":0,"parent":0,"menu_order":0,"comment_status":"closed","ping_status":"open","template":"","meta":{"site-sidebar-layout":"default","site-content-layout":"","ast-site-content-layout":"","site-content-style":"default","site-sidebar-style":"default","ast-global-header-display":"","ast-banner-title-visibility":"","ast-main-header-display":"","ast-hfb-above-header-display":"","ast-hfb-below-header-display":"","ast-hfb-mobile-header-display":"","site-post-title":"","ast-breadcrumbs-content":"","ast-featured-img":"","footer-sml-layout":"","theme-transparent-header-meta":"","adv-header-id-meta":"","stick-header-meta":"","header-above-stick-meta":"","header-main-stick-meta":"","header-below-stick-meta":"","astra-migrate-meta-layouts":"default","ast-page-background-enabled":"default","ast-page-background-meta":{"desktop":{"background-color":"","background-image":"","background-repeat":"repeat","background-position":"center center","background-size":"auto","background-attachment":"scroll","background-type":"","background-media":"","overlay-type":"","overlay-color":"","overlay-gradient":""},"tablet":{"background-color":"","background-image":"","background-repeat":"repeat","background-position":"center center","background-size":"auto","background-attachment":"scroll","background-type":"","background-media":"","overlay-type":"","overlay-color":"","overlay-gradient":""},"mobile":{"background-color":"","background-image":"","background-repeat":"repeat","background-position":"center center","background-size":"auto","background-attachment":"scroll","background-type":"","background-media":"","overlay-type":"","overlay-color":"","overlay-gradient":""}},"ast-content-background-meta":{"desktop":{"background-color":"var(--ast-global-color-5)","background-image":"","background-repeat":"repeat","background-position":"center center","background-size":"auto","background-attachment":"scroll","background-type":"","background-media":"","overlay-type":"","overlay-color":"","overlay-gradient":""},"tablet":{"background-color":"var(--ast-global-color-5)","background-image":"","background-repeat":"repeat","background-position":"center center","background-size":"auto","background-attachment":"scroll","background-type":"","background-media":"","overlay-type":"","overlay-color":"","overlay-gradient":""},"mobile":{"background-color":"var(--ast-global-color-5)","background-image":"","background-repeat":"repeat","background-position":"center center","background-size":"auto","background-attachment":"scroll","background-type":"","background-media":"","overlay-type":"","overlay-color":"","overlay-gradient":""}},"footnotes":""},"class_list":["post-31251","page","type-page","status-publish","hentry"],"aioseo_notices":[],"_links":{"self":[{"href":"http:\/\/onyxlearningzone.com\/pt-pt\/wp-json\/wp\/v2\/pages\/31251","targetHints":{"allow":["GET"]}}],"collection":[{"href":"http:\/\/onyxlearningzone.com\/pt-pt\/wp-json\/wp\/v2\/pages"}],"about":[{"href":"http:\/\/onyxlearningzone.com\/pt-pt\/wp-json\/wp\/v2\/types\/page"}],"author":[{"embeddable":true,"href":"http:\/\/onyxlearningzone.com\/pt-pt\/wp-json\/wp\/v2\/users\/63"}],"replies":[{"embeddable":true,"href":"http:\/\/onyxlearningzone.com\/pt-pt\/wp-json\/wp\/v2\/comments?post=31251"}],"version-history":[{"count":2,"href":"http:\/\/onyxlearningzone.com\/pt-pt\/wp-json\/wp\/v2\/pages\/31251\/revisions"}],"predecessor-version":[{"id":31258,"href":"http:\/\/onyxlearningzone.com\/pt-pt\/wp-json\/wp\/v2\/pages\/31251\/revisions\/31258"}],"wp:attachment":[{"href":"http:\/\/onyxlearningzone.com\/pt-pt\/wp-json\/wp\/v2\/media?parent=31251"}],"curies":[{"name":"wp","href":"https:\/\/api.w.org\/{rel}","templated":true}]}}